{"id":4349,"date":"2018-06-19T11:23:09","date_gmt":"2018-06-19T11:23:09","guid":{"rendered":"http:\/\/dr-karim-ben-hamouda.novatis.org\/homepage-medical\/"},"modified":"2026-04-30T15:06:08","modified_gmt":"2026-04-30T13:06:08","slug":"homepage-medical","status":"publish","type":"page","link":"https:\/\/www.kbenhamouda.com\/en\/","title":{"rendered":"Home"},"content":{"rendered":"<p>[vc_row gap=&#8221;0&#8243; full_height=&#8221;yes&#8221; el_class=&#8221;slide&#8221;][vc_column]\n\t\t\t<!-- START Slider An REVOLUTION SLIDER 6.7.32 --><p class=\"rs-p-wp-fix\"><\/p>\n\t\t\t<rs-module-wrap id=\"rev_slider_4_1_wrapper\" data-source=\"gallery\" style=\"visibility:hidden;background:transparent;padding:0;margin:0px auto;margin-top:0;margin-bottom:0;\">\n\t\t\t\t<rs-module id=\"rev_slider_4_1\" style=\"\" data-version=\"6.7.32\">\n\t\t\t\t\t<rs-slides style=\"overflow: hidden; position: absolute;\">\n\t\t\t\t\t\t<rs-slide style=\"position: absolute;\" data-key=\"rs-5\" data-title=\"Slide\" data-thumb=\"\/\/www.kbenhamouda.com\/wp-content\/uploads\/2020\/05\/neurochirurgie-tunisie_0-50x100.jpg\" data-anim=\"adpr:false;ms:1000ms;\" data-in=\"o:0;\" data-out=\"a:false;\">\n\t\t\t\t\t\t\t<img decoding=\"async\" src=\"\/\/www.kbenhamouda.com\/wp-content\/plugins\/revslider\/sr6\/assets\/assets\/dummy.png\" alt=\"chirurgien neurologue Tunisie\" title=\"chirurgien neurologue Tunisie\" width=\"1900\" height=\"400\" class=\"rev-slidebg tp-rs-img rs-lazyload\" data-lazyload=\"\/\/www.kbenhamouda.com\/wp-content\/uploads\/2020\/05\/neurochirurgie-tunisie_0.jpg\" data-no-retina>\n<!--\n\t\t\t\t\t\t\t--><rs-layer\n\t\t\t\t\t\t\t\tid=\"slider-4-slide-5-layer-0\" \n\t\t\t\t\t\t\t\tclass=\"title\"\n\t\t\t\t\t\t\t\tdata-type=\"text\"\n\t\t\t\t\t\t\t\tdata-rsp_ch=\"on\"\n\t\t\t\t\t\t\t\tdata-xy=\"x:l,l,c,c;xo:50px,41px,0,0;y:m;\"\n\t\t\t\t\t\t\t\tdata-text=\"w:normal;s:48,39,29,23;l:48,39,29,30;fw:700;\"\n\t\t\t\t\t\t\t\tdata-frame_0=\"x:-50,-41,-31,-19;\"\n\t\t\t\t\t\t\t\tdata-frame_1=\"st:200;sp:1500;\"\n\t\t\t\t\t\t\t\tdata-frame_999=\"o:1;st:w;\"\n\t\t\t\t\t\t\t\tstyle=\"z-index:10;font-family:'Poppins';text-transform:uppercase;\"\n\t\t\t\t\t\t\t>Brain and cranial surgery<br \/>\n \n\t\t\t\t\t\t\t<\/rs-layer><!--\n-->\t\t\t\t\t<\/rs-slide>\n\t\t\t\t\t\t<rs-slide style=\"position: absolute;\" data-key=\"rs-6\" data-title=\"Slide\" data-thumb=\"\/\/www.kbenhamouda.com\/wp-content\/uploads\/2020\/06\/slider_2-50x100.jpg\" data-anim=\"adpr:false;ms:1000ms;\" data-in=\"o:0;\" data-out=\"a:false;\">\n\t\t\t\t\t\t\t<img decoding=\"async\" src=\"\/\/www.kbenhamouda.com\/wp-content\/plugins\/revslider\/sr6\/assets\/assets\/dummy.png\" alt=\"chirurgien neurologue Tunisie\" title=\"chirurgien neurologue Tunisie\" width=\"1900\" height=\"765\" class=\"rev-slidebg tp-rs-img rs-lazyload\" data-lazyload=\"\/\/www.kbenhamouda.com\/wp-content\/uploads\/2020\/06\/slider_2.jpg\" data-no-retina>\n<!--\n\t\t\t\t\t\t\t--><rs-layer\n\t\t\t\t\t\t\t\tid=\"slider-4-slide-6-layer-0\" \n\t\t\t\t\t\t\t\tclass=\"title\"\n\t\t\t\t\t\t\t\tdata-type=\"text\"\n\t\t\t\t\t\t\t\tdata-rsp_ch=\"on\"\n\t\t\t\t\t\t\t\tdata-xy=\"x:l,l,c,c;xo:50px,41px,0,0;y:m;\"\n\t\t\t\t\t\t\t\tdata-text=\"w:normal;s:48,39,29,25;l:48,39,29,30;fw:700;\"\n\t\t\t\t\t\t\t\tdata-frame_0=\"x:-50,-41,-31,-19;\"\n\t\t\t\t\t\t\t\tdata-frame_1=\"st:200;sp:1500;\"\n\t\t\t\t\t\t\t\tdata-frame_999=\"o:1;st:w;\"\n\t\t\t\t\t\t\t\tstyle=\"z-index:10;font-family:'Poppins';text-transform:uppercase;\"\n\t\t\t\t\t\t\t>Spinal surgery \n\t\t\t\t\t\t\t<\/rs-layer><!--\n-->\t\t\t\t\t<\/rs-slide>\n\t\t\t\t\t<\/rs-slides>\n\t\t\t\t<\/rs-module>\n\t\t\t\t<script>\n\t\t\t\t\tsetREVStartSize({c: 'rev_slider_4_1',rl:[1240,1024,778,480],el:[400,400,300,300],gw:[1240,1024,778,480],gh:[400,400,300,300],type:'standard',justify:'',layout:'fullwidth',mh:\"0\"});if (window.RS_MODULES!==undefined && window.RS_MODULES.modules!==undefined && window.RS_MODULES.modules[\"revslider41\"]!==undefined) {window.RS_MODULES.modules[\"revslider41\"].once = false;window.revapi4 = undefined;if (window.RS_MODULES.checkMinimal!==undefined) window.RS_MODULES.checkMinimal()}\n\t\t\t\t<\/script>\n\t\t\t<\/rs-module-wrap>\n\t\t\t<!-- END REVOLUTION SLIDER -->\n[\/vc_column][\/vc_row][vc_row css_animation=&#8221;fadeInUp&#8221; css=&#8221;.vc_custom_1592233069783{padding-top: 79px !important;padding-bottom: 40px !important;}&#8221;][vc_column align=&#8221;text-center&#8221;][vc_empty_space height=&#8221;70px&#8221;]<style>.ld_fancy_heading_69f68fbe575b0 div{color:rgb(20, 134, 245);}.ld_fancy_heading_69f68fbe575b0 div {margin-bottom:3px !important;  } .ld_fancy_heading_69f68fbe575b0 .lqd-highlight-inner{bottom:0px;}.ld_fancy_heading_69f68fbe575b0 div {margin-bottom:3px !important;  } <\/style><div class=\"ld-fancy-heading text-center text-capitalize ld_fancy_heading_69f68fbe575b0\">\n\t<div class=\"lqd-highlight-underline lqd-highlight-grow-left\" ><span class=\"ld-fh-txt\"> <\/p>\n<h1>Dr Karim Ben Hamouda<\/h1>\n<p><\/span><\/div><\/div><style>.ld_fancy_heading_69f68fbe57937 h3{font-weight:400;letter-spacing:0.1em;color:rgb(66, 66, 66);}.ld_fancy_heading_69f68fbe57937 .lqd-highlight-inner{height:0.275em;bottom:0px;}<\/style><div class=\"ld-fancy-heading text-center ld_fancy_heading_69f68fbe57937\">\n\t<h3 class=\"lqd-highlight-underline lqd-highlight-grow-left\" ><span class=\"ld-fh-txt\"> Neurosurgeon<\/span><\/h3><\/div>[vc_separator color=&#8221;custom&#8221; accent_color=&#8221;#a0a0a0&#8243; el_class=&#8221;sep-01&#8243; css=&#8221;.vc_custom_1588248954106{margin-bottom: 19px !important;}&#8221;][vc_single_image image=&#8221;5395&#8243; alignment=&#8221;center&#8221; el_class=&#8221;images-portfolio&#8221;][vc_column_text]Professor of Neurosurgery<\/p>\n<p>European Board of Neurosurgery<\/p>\n<p>Consultant neurosurgeon in Dubai at the Neuro Spinal hospital from 2010 to 2014 and from 2016 to 2020<\/p>\n<p>More than 22 years of experience[\/vc_column_text][vc_empty_space height=&#8221;10px&#8221;][\/vc_column][\/vc_row][vc_row css=&#8221;.vc_custom_1592232110942{margin-top: 40px !important;padding-top: 60px !important;padding-bottom: 80px !important;background-color: rgba(235,235,235,0.52) !important;*background-color: rgb(235,235,235) !important;}&#8221;][vc_column][vc_empty_space height=&#8221;30px&#8221;][vc_column_text]<\/p>\n<h2 class=\"Body\"><span style=\"font-size: 18.6667px;\"><strong>Biography<\/strong>:<\/span><\/h2>\n<p>[\/vc_column_text][vc_column_text]<\/p>\n<ul class=\"check list-column-2\">\n<li>Medical studies: Faculty of Medicine of Tunis 1987-1992<\/li>\n<li>Internship: 1992-1994: academic centers of Tunis<\/li>\n<li>Residency: 1994-2000: National Institute of Neurology, Tunis (Department of Professor M. Khaldi) then Marseille, France (Department of Professor W. Pellet)<\/li>\n<li>Assistant Professor from 2000 to 2006 at National Institute of Neurology, Tunis (Department of Professor M. Khaldi)<\/li>\n<li>Associate Professor since September 2006 at National Institute of Neurology, Tunis (Department of Professor M. Khaldi)<\/li>\n<li>December 2009: departure for Dubai:<\/li>\n<li>Multiple trainings in the USA in leading centers:<\/li>\n<li>University of Illinois at Chicago (Department of Professor F. Charbel)<\/li>\n<li>Arkansas Neuroscience Institute (Professors O. El Mefty et Professor A. Krisht)<\/li>\n<li>University of California at San Francisco (Professor M. Berger)<\/li>\n<li>Consultant neurosurgeon in Dubai at the Neuro Spinal Hospital from May 2010<\/li>\n<li>Back to Tunisiain November 2014: Professor at National Institute of Neurology with complementary private activity(November 2014-March 2016)<\/li>\n<li>Back to Dubai: consultant neurosurgeon at Neuro Spinal Hospital from April 2016 to January 2020<\/li>\n<li>Multiples training, courses and workshops in leading centers in the USA and Europe: Cambridge, Leeds, Helsinki, Miami, New Orleans, Saint Louis, Malaga, Vienna, Paris, Amsterdam\u2026<\/li>\n<li>European Board of Neurosurgery diploma in March 2018<\/li>\n<li>Back to Tunisiasince February 2020, private clinic in Tunis.<\/li>\n<\/ul>\n<p>[\/vc_column_text][vc_column_text]<\/p>\n<h2 class=\"Body\"><span style=\"font-size: 18.6667px;\">Scientific societies membership :<\/span><\/h2>\n<p>[\/vc_column_text][vc_column_text]<\/p>\n<ul class=\"check list-column-2\">\n<li>International fellow of the American Association of Neurological Surgeons<\/li>\n<li>Memberof the Congress of Neurological Surgeons<\/li>\n<li>Memberof the North American Spine Society<\/li>\n<li>Memberof the European Association of Neurosurgical Societies<\/li>\n<li>Past Vice President de la Mediterranean Association of Neurological surgeons<\/li>\n<li>Past Secretary of the Tunisian Neurosurgical Society<\/li>\n<li>Past Chairman of the scientific committee of the Emirates Neurosurgical Society<\/li>\n<\/ul>\n<p>[\/vc_column_text][vc_empty_space height=&#8221;50px&#8221;][\/vc_column][\/vc_row][vc_row equal_height=&#8221;yes&#8221; enable_content_animation=&#8221;yes&#8221; ca_init_scale_x=&#8221;0.5&#8243; ca_init_scale_y=&#8221;0.5&#8243; ca_init_scale_z=&#8221;1&#8243; ca_init_opacity=&#8221;0&#8243; ca_an_scale_x=&#8221;1&#8243; ca_an_scale_y=&#8221;1&#8243; ca_an_scale_z=&#8221;1&#8243; ca_an_opacity=&#8221;1&#8243; css=&#8221;.vc_custom_1588249186670{padding-top: 99px !important;padding-bottom: 99px !important;background-color: #ebebeb !important;}&#8221; el_class=&#8221;section-boxs&#8221;][vc_column width=&#8221;1\/3&#8243; offset=&#8221;vc_col-lg-4 vc_col-md-4&#8243; el_class=&#8221;box-home first&#8221;]<style>.ld_fancy_heading_69f68fbe57b9c h4 {margin-bottom:22px !important;  } @media (min-width: 768px) { .ld_fancy_heading_69f68fbe57b9c h4 {margin-bottom:22px !important;  }  } @media (min-width: 992px) { .ld_fancy_heading_69f68fbe57b9c h4 {margin-bottom:22px !important;  }  } @media (min-width: 1200px) { .ld_fancy_heading_69f68fbe57b9c h4 {margin-bottom:22px !important;  }  } .ld_fancy_heading_69f68fbe57b9c .lqd-highlight-inner{bottom:0px;}.ld_fancy_heading_69f68fbe57b9c h4 {margin-bottom:22px !important;  } @media (min-width: 768px) { .ld_fancy_heading_69f68fbe57b9c h4 {margin-bottom:22px !important;  }  } @media (min-width: 992px) { .ld_fancy_heading_69f68fbe57b9c h4 {margin-bottom:22px !important;  }  } @media (min-width: 1200px) { .ld_fancy_heading_69f68fbe57b9c h4 {margin-bottom:22px !important;  }  } <\/style><div class=\"ld-fancy-heading text-center box-title ld_fancy_heading_69f68fbe57b9c\">\n\t<h4 class=\"lqd-highlight-underline lqd-highlight-grow-left\" ><span class=\"ld-fh-txt\"> Dr Karim Ben Hamouda<\/span><\/h4><\/div><style>.ld_icon_box_69f68fbe57dcb .iconbox-icon-container{color:rgb(76, 147, 220);margin-bottom:8px !important;border-radius:px;}.ld_icon_box_69f68fbe57dcb h3{color:rgb(76, 147, 220);margin-bottom:20px;}.ld_icon_box_69f68fbe57dcb{background:rgb(220, 233, 246);}<\/style>\n<div class=\"iconbox iconbox-filled ld_icon_box_69f68fbe57dcb\" id=\"ld_icon_box_69f68fbe57dcb\"  data-plugin-options='{\"color\":\"rgb(76, 147, 220)\"}'  >\n\t\n\t\t<div class=\"iconbox-icon-wrap\"><span class=\"iconbox-icon-container\"><i class=\"icon-basic_webpage_multiple\"><\/i><\/span><\/div><!-- \/.iconbox-icon-wrap -->\t\n\t\t\n\t<div class=\"contents\">\t\n\t\t<p><strong>Neurosurgery<\/strong> : specialty dealing with surgical conditions of the brain, spine and nerves.<\/p>\n\t<style>.ld_button_69f68fbe583ce.btn-icon-solid .btn-icon{background:rgb(76, 147, 220);}.ld_button_69f68fbe583ce.btn-icon-circle.btn-icon-ripple .btn-icon:before{border-color:rgb(76, 147, 220);}.ld_button_69f68fbe583ce{color:rgb(76, 147, 220);border-color:rgb(76, 147, 220);font-size:16px !important;font-weight:700 !important;}.ld_button_69f68fbe583ce:hover{background-color:rgb(76, 147, 220);}<\/style><a href=\"\/dr-karim-ben-hamouda\" class=\"btn btn-default semi-round btn-bordered border-thin ld_button_69f68fbe583ce\">\n\t<span>\n\t\t\n\t\t\t\t\t<span class=\"btn-txt\">Read more<\/span>\n\t\t\t\n\t\t\t\t<\/span>\n<\/a>\n\t\n\t<\/div>\t\n\t<a href=\"\/karim-ben-hamouda\/\" class=\"liquid-overlay-link z-index-2\"><\/a>\n<\/div>\n[\/vc_column][vc_column width=&#8221;1\/3&#8243; offset=&#8221;vc_col-lg-4 vc_col-md-4&#8243; el_class=&#8221;box-home second&#8221;]<style>.ld_fancy_heading_69f68fbe58678 h4 {margin-bottom:22px !important;  } @media (min-width: 768px) { .ld_fancy_heading_69f68fbe58678 h4 {margin-bottom:22px !important;  }  } @media (min-width: 992px) { .ld_fancy_heading_69f68fbe58678 h4 {margin-bottom:22px !important;  }  } @media (min-width: 1200px) { .ld_fancy_heading_69f68fbe58678 h4 {margin-bottom:22px !important;  }  } .ld_fancy_heading_69f68fbe58678 .lqd-highlight-inner{bottom:0px;}.ld_fancy_heading_69f68fbe58678 h4 {margin-bottom:22px !important;  } @media (min-width: 768px) { .ld_fancy_heading_69f68fbe58678 h4 {margin-bottom:22px !important;  }  } @media (min-width: 992px) { .ld_fancy_heading_69f68fbe58678 h4 {margin-bottom:22px !important;  }  } @media (min-width: 1200px) { .ld_fancy_heading_69f68fbe58678 h4 {margin-bottom:22px !important;  }  } <\/style><div class=\"ld-fancy-heading text-center box-title ld_fancy_heading_69f68fbe58678\">\n\t<h4 class=\"lqd-highlight-underline lqd-highlight-grow-left\" ><span class=\"ld-fh-txt\"> Brain and skull conditions<\/span><\/h4><\/div><style>.ld_icon_box_69f68fbe5887e .iconbox-icon-container{color:rgb(76, 147, 220);margin-bottom:8px !important;border-radius:px;}.ld_icon_box_69f68fbe5887e h3{color:rgb(76, 147, 220);margin-bottom:20px;}.ld_icon_box_69f68fbe5887e{background:rgb(220, 233, 246);}<\/style>\n<div class=\"iconbox iconbox-filled ld_icon_box_69f68fbe5887e\" id=\"ld_icon_box_69f68fbe5887e\"  data-plugin-options='{\"color\":\"rgb(76, 147, 220)\"}'  >\n\t\n\t\t<div class=\"iconbox-icon-wrap\"><span class=\"iconbox-icon-container\"><i class=\"icon-basic_webpage_multiple\"><\/i><\/span><\/div><!-- \/.iconbox-icon-wrap -->\t\n\t\t\n\t<div class=\"contents\">\t\n\t\t<p><strong>Brain and skull conditions<\/strong>: tumors, traumas, hemorrhages, malformations, infections, neuralgias of the face, drug resistant epilepsy\u2026<\/p>\n\t<style>.ld_button_69f68fbe58b82.btn-icon-solid .btn-icon{background:rgb(76, 147, 220);}.ld_button_69f68fbe58b82.btn-icon-circle.btn-icon-ripple .btn-icon:before{border-color:rgb(76, 147, 220);}.ld_button_69f68fbe58b82{color:rgb(76, 147, 220);border-color:rgb(76, 147, 220);font-size:16px !important;font-weight:700 !important;}.ld_button_69f68fbe58b82:hover{background-color:rgb(76, 147, 220);}<\/style><a href=\"\/chirurgie-cerebrale-et-cranienne\/\" title=\"Chirurgie c\u00e9r\u00e9brale et cr\u00e2nienne\" class=\"btn btn-default semi-round btn-bordered border-thin ld_button_69f68fbe58b82\">\n\t<span>\n\t\t\n\t\t\t\t\t<span class=\"btn-txt\">Read more<\/span>\n\t\t\t\n\t\t\t\t<\/span>\n<\/a>\n\t\n\t<\/div>\t\n\t<a href=\"\/traumatismes-craniens\/\" class=\"liquid-overlay-link z-index-2\"><\/a>\n<\/div>\n[\/vc_column][vc_column width=&#8221;1\/3&#8243; offset=&#8221;vc_col-lg-4 vc_col-md-4&#8243; el_class=&#8221;box-home third&#8221;]<style>.ld_fancy_heading_69f68fbe58dc6 h4 {margin-bottom:22px !important;  } @media (min-width: 768px) { .ld_fancy_heading_69f68fbe58dc6 h4 {margin-bottom:22px !important;  }  } @media (min-width: 992px) { .ld_fancy_heading_69f68fbe58dc6 h4 {margin-bottom:22px !important;  }  } @media (min-width: 1200px) { .ld_fancy_heading_69f68fbe58dc6 h4 {margin-bottom:22px !important;  }  } .ld_fancy_heading_69f68fbe58dc6 .lqd-highlight-inner{bottom:0px;}.ld_fancy_heading_69f68fbe58dc6 h4 {margin-bottom:22px !important;  } @media (min-width: 768px) { .ld_fancy_heading_69f68fbe58dc6 h4 {margin-bottom:22px !important;  }  } @media (min-width: 992px) { .ld_fancy_heading_69f68fbe58dc6 h4 {margin-bottom:22px !important;  }  } @media (min-width: 1200px) { .ld_fancy_heading_69f68fbe58dc6 h4 {margin-bottom:22px !important;  }  } <\/style><div class=\"ld-fancy-heading text-center box-title ld_fancy_heading_69f68fbe58dc6\">\n\t<h4 class=\"lqd-highlight-underline lqd-highlight-grow-left\" ><span class=\"ld-fh-txt\"> Spine conditions<\/span><\/h4><\/div><style>.ld_icon_box_69f68fbe5904e .iconbox-icon-container{color:rgb(76, 147, 220);margin-bottom:8px !important;border-radius:px;}.ld_icon_box_69f68fbe5904e h3{color:rgb(76, 147, 220);margin-bottom:20px;}.ld_icon_box_69f68fbe5904e{background:rgb(220, 233, 246);}<\/style>\n<div class=\"iconbox iconbox-filled ld_icon_box_69f68fbe5904e\" id=\"ld_icon_box_69f68fbe5904e\"  data-plugin-options='{\"color\":\"rgb(76, 147, 220)\"}'  >\n\t\n\t\t<div class=\"iconbox-icon-wrap\"><span class=\"iconbox-icon-container\"><i class=\"icon-basic_webpage_multiple\"><\/i><\/span><\/div><!-- \/.iconbox-icon-wrap -->\t\n\t\t\n\t<div class=\"contents\">\t\n\t\t<p><strong>Spine conditions<\/strong>: Lumbar and cervical disc herniations, spinal cord compressions, tumors, traumas, infections, malformations, hemorrhages\u2026<\/p>\n\t<style>.ld_button_69f68fbe592be.btn-icon-solid .btn-icon{background:rgb(76, 147, 220);}.ld_button_69f68fbe592be.btn-icon-circle.btn-icon-ripple .btn-icon:before{border-color:rgb(76, 147, 220);}.ld_button_69f68fbe592be{color:rgb(76, 147, 220);border-color:rgb(76, 147, 220);font-size:16px !important;font-weight:700 !important;}.ld_button_69f68fbe592be:hover{background-color:rgb(76, 147, 220);}<\/style><a href=\"\/chirurgie-rachidienne\/\" title=\"Chirurgie rachidienne\" class=\"btn btn-default semi-round btn-bordered border-thin ld_button_69f68fbe592be\">\n\t<span>\n\t\t\n\t\t\t\t\t<span class=\"btn-txt\">Read more<\/span>\n\t\t\t\n\t\t\t\t<\/span>\n<\/a>\n\t\n\t<\/div>\t\n\t<a href=\"\/sciatique-hernie-discale-lombaire-et-canal-lombaire-etroit\/\" class=\"liquid-overlay-link z-index-2\"><\/a>\n<\/div>\n[\/vc_column][\/vc_row][vc_row full_width=&#8221;stretch_row&#8221; gap=&#8221;0&#8243;][vc_column][vc_column_text]<iframe style=\"border: 0;\" tabindex=\"0\" src=\"https:\/\/www.google.com\/maps\/embed?pb=!1m18!1m12!1m3!1d3192.848124571906!2d10.198317500412049!3d36.84611322984067!2m3!1f0!2f0!3f0!3m2!1i1024!2i768!4f13.1!3m3!1m2!1s0x0%3A0xf5bbd80a3f373646!2sProfesseur%20Agr%C3%A9g%C3%A9%20Karim%20Ben%20Hamouda!5e0!3m2!1sfr!2stn!4v1590765828841!5m2!1sfr!2stn\" width=\"100%\" height=\"466px\" frameborder=\"0\" allowfullscreen=\"allowfullscreen\" aria-hidden=\"false\"><span data-mce-type=\"bookmark\" style=\"display: inline-block; width: 0px; overflow: hidden; line-height: 0;\" class=\"mce_SELRES_start\">\ufeff<\/span><\/iframe>[\/vc_column_text][\/vc_column][\/vc_row]<\/p>\n","protected":false},"excerpt":{"rendered":"<p>[vc_row gap=&#8221;0&#8243; full_height=&#8221;yes&#8221; el_class=&#8221;slide&#8221;][vc_column][\/vc_column][\/vc_row][vc_row css_animation=&#8221;fadeInUp&#8221; css=&#8221;.vc_custom_1592233069783{padding-top: 79px !important;padding-bottom: 40px !important;}&#8221;][vc_column align=&#8221;text-center&#8221;][vc_empty_space height=&#8221;70px&#8221;][vc_separator color=&#8221;custom&#8221; accent_color=&#8221;#a0a0a0&#8243; el_class=&#8221;sep-01&#8243; css=&#8221;.vc_custom_1588248954106{margin-bottom: 19px !important;}&#8221;][vc_single_image image=&#8221;5395&#8243; alignment=&#8221;center&#8221; el_class=&#8221;images-portfolio&#8221;][vc_column_text]Professor of Neurosurgery European Board of Neurosurgery Consultant neurosurgeon in Dubai at the Neuro Spinal hospital from 2010 to 2014 and from 2016 to 2020 More than 22 years of experience[\/vc_column_text][vc_empty_space height=&#8221;10px&#8221;][\/vc_column][\/vc_row][vc_row css=&#8221;.vc_custom_1592232110942{margin-top: 40px !important;padding-top: [&hellip;]<\/p>\n","protected":false},"author":1,"featured_media":0,"parent":0,"menu_order":0,"comment_status":"closed","ping_status":"closed","template":"","meta":{"footnotes":""},"class_list":["post-4349","page","type-page","status-publish","hentry"],"yoast_head":"<!-- This site is optimized with the Yoast SEO plugin v25.4 - https:\/\/yoast.com\/wordpress\/plugins\/seo\/ -->\n<title>Home - Dr Karim Ben Hamouda<\/title>\n<meta name=\"robots\" content=\"index, follow, max-snippet:-1, max-image-preview:large, max-video-preview:-1\" \/>\n<link rel=\"canonical\" href=\"https:\/\/www.kbenhamouda.com\/\" \/>\n<meta property=\"og:locale\" content=\"en_US\" \/>\n<meta property=\"og:type\" content=\"article\" \/>\n<meta property=\"og:title\" content=\"Home - Dr Karim Ben Hamouda\" \/>\n<meta property=\"og:description\" content=\"[vc_row gap=&#8221;0&#8243; full_height=&#8221;yes&#8221; el_class=&#8221;slide&#8221;][vc_column][\/vc_column][\/vc_row][vc_row css_animation=&#8221;fadeInUp&#8221; css=&#8221;.vc_custom_1592233069783{padding-top: 79px !important;padding-bottom: 40px !important;}&#8221;][vc_column align=&#8221;text-center&#8221;][vc_empty_space height=&#8221;70px&#8221;][vc_separator color=&#8221;custom&#8221; accent_color=&#8221;#a0a0a0&#8243; el_class=&#8221;sep-01&#8243; css=&#8221;.vc_custom_1588248954106{margin-bottom: 19px !important;}&#8221;][vc_single_image image=&#8221;5395&#8243; alignment=&#8221;center&#8221; el_class=&#8221;images-portfolio&#8221;][vc_column_text]Professor of Neurosurgery European Board of Neurosurgery Consultant neurosurgeon in Dubai at the Neuro Spinal hospital from 2010 to 2014 and from 2016 to 2020 More than 22 years of experience[\/vc_column_text][vc_empty_space height=&#8221;10px&#8221;][\/vc_column][\/vc_row][vc_row css=&#8221;.vc_custom_1592232110942{margin-top: 40px !important;padding-top: [&hellip;]\" \/>\n<meta property=\"og:url\" content=\"https:\/\/www.kbenhamouda.com\/\" \/>\n<meta property=\"og:site_name\" content=\"Dr Karim Ben Hamouda\" \/>\n<meta property=\"article:modified_time\" content=\"2026-04-30T13:06:08+00:00\" \/>\n<meta name=\"twitter:card\" content=\"summary_large_image\" \/>\n<meta name=\"twitter:label1\" content=\"Est. reading time\" \/>\n\t<meta name=\"twitter:data1\" content=\"5 minutes\" \/>\n<script type=\"application\/ld+json\" class=\"yoast-schema-graph\">{\"@context\":\"https:\/\/schema.org\",\"@graph\":[{\"@type\":\"WebPage\",\"@id\":\"https:\/\/www.kbenhamouda.com\/\",\"url\":\"https:\/\/www.kbenhamouda.com\/\",\"name\":\"Home - Dr Karim Ben Hamouda\",\"isPartOf\":{\"@id\":\"https:\/\/www.kbenhamouda.com\/#website\"},\"datePublished\":\"2018-06-19T11:23:09+00:00\",\"dateModified\":\"2026-04-30T13:06:08+00:00\",\"breadcrumb\":{\"@id\":\"https:\/\/www.kbenhamouda.com\/#breadcrumb\"},\"inLanguage\":\"en-US\",\"potentialAction\":[{\"@type\":\"ReadAction\",\"target\":[\"https:\/\/www.kbenhamouda.com\/\"]}]},{\"@type\":\"BreadcrumbList\",\"@id\":\"https:\/\/www.kbenhamouda.com\/#breadcrumb\",\"itemListElement\":[{\"@type\":\"ListItem\",\"position\":1,\"name\":\"Accueil\",\"item\":\"https:\/\/www.kbenhamouda.com\/\"},{\"@type\":\"ListItem\",\"position\":2,\"name\":\"Home\"}]},{\"@type\":\"WebSite\",\"@id\":\"https:\/\/www.kbenhamouda.com\/#website\",\"url\":\"https:\/\/www.kbenhamouda.com\/\",\"name\":\"Dr Karim Ben Hamouda\",\"description\":\"Neurochirurgien d\u00e9tach\u00e9 \u00e0 Dubai de 2010 \u00e0 2014\",\"potentialAction\":[{\"@type\":\"SearchAction\",\"target\":{\"@type\":\"EntryPoint\",\"urlTemplate\":\"https:\/\/www.kbenhamouda.com\/?s={search_term_string}\"},\"query-input\":{\"@type\":\"PropertyValueSpecification\",\"valueRequired\":true,\"valueName\":\"search_term_string\"}}],\"inLanguage\":\"en-US\"}]}<\/script>\n<!-- \/ Yoast SEO plugin. -->","yoast_head_json":{"title":"Home - Dr Karim Ben Hamouda","robots":{"index":"index","follow":"follow","max-snippet":"max-snippet:-1","max-image-preview":"max-image-preview:large","max-video-preview":"max-video-preview:-1"},"canonical":"https:\/\/www.kbenhamouda.com\/","og_locale":"en_US","og_type":"article","og_title":"Home - Dr Karim Ben Hamouda","og_description":"[vc_row gap=&#8221;0&#8243; full_height=&#8221;yes&#8221; el_class=&#8221;slide&#8221;][vc_column][\/vc_column][\/vc_row][vc_row css_animation=&#8221;fadeInUp&#8221; css=&#8221;.vc_custom_1592233069783{padding-top: 79px !important;padding-bottom: 40px !important;}&#8221;][vc_column align=&#8221;text-center&#8221;][vc_empty_space height=&#8221;70px&#8221;][vc_separator color=&#8221;custom&#8221; accent_color=&#8221;#a0a0a0&#8243; el_class=&#8221;sep-01&#8243; css=&#8221;.vc_custom_1588248954106{margin-bottom: 19px !important;}&#8221;][vc_single_image image=&#8221;5395&#8243; alignment=&#8221;center&#8221; el_class=&#8221;images-portfolio&#8221;][vc_column_text]Professor of Neurosurgery European Board of Neurosurgery Consultant neurosurgeon in Dubai at the Neuro Spinal hospital from 2010 to 2014 and from 2016 to 2020 More than 22 years of experience[\/vc_column_text][vc_empty_space height=&#8221;10px&#8221;][\/vc_column][\/vc_row][vc_row css=&#8221;.vc_custom_1592232110942{margin-top: 40px !important;padding-top: [&hellip;]","og_url":"https:\/\/www.kbenhamouda.com\/","og_site_name":"Dr Karim Ben Hamouda","article_modified_time":"2026-04-30T13:06:08+00:00","twitter_card":"summary_large_image","twitter_misc":{"Est. reading time":"5 minutes"},"schema":{"@context":"https:\/\/schema.org","@graph":[{"@type":"WebPage","@id":"https:\/\/www.kbenhamouda.com\/","url":"https:\/\/www.kbenhamouda.com\/","name":"Home - Dr Karim Ben Hamouda","isPartOf":{"@id":"https:\/\/www.kbenhamouda.com\/#website"},"datePublished":"2018-06-19T11:23:09+00:00","dateModified":"2026-04-30T13:06:08+00:00","breadcrumb":{"@id":"https:\/\/www.kbenhamouda.com\/#breadcrumb"},"inLanguage":"en-US","potentialAction":[{"@type":"ReadAction","target":["https:\/\/www.kbenhamouda.com\/"]}]},{"@type":"BreadcrumbList","@id":"https:\/\/www.kbenhamouda.com\/#breadcrumb","itemListElement":[{"@type":"ListItem","position":1,"name":"Accueil","item":"https:\/\/www.kbenhamouda.com\/"},{"@type":"ListItem","position":2,"name":"Home"}]},{"@type":"WebSite","@id":"https:\/\/www.kbenhamouda.com\/#website","url":"https:\/\/www.kbenhamouda.com\/","name":"Dr Karim Ben Hamouda","description":"Neurochirurgien d\u00e9tach\u00e9 \u00e0 Dubai de 2010 \u00e0 2014","potentialAction":[{"@type":"SearchAction","target":{"@type":"EntryPoint","urlTemplate":"https:\/\/www.kbenhamouda.com\/?s={search_term_string}"},"query-input":{"@type":"PropertyValueSpecification","valueRequired":true,"valueName":"search_term_string"}}],"inLanguage":"en-US"}]}},"_links":{"self":[{"href":"https:\/\/www.kbenhamouda.com\/en\/wp-json\/wp\/v2\/pages\/4349","targetHints":{"allow":["GET"]}}],"collection":[{"href":"https:\/\/www.kbenhamouda.com\/en\/wp-json\/wp\/v2\/pages"}],"about":[{"href":"https:\/\/www.kbenhamouda.com\/en\/wp-json\/wp\/v2\/types\/page"}],"author":[{"embeddable":true,"href":"https:\/\/www.kbenhamouda.com\/en\/wp-json\/wp\/v2\/users\/1"}],"replies":[{"embeddable":true,"href":"https:\/\/www.kbenhamouda.com\/en\/wp-json\/wp\/v2\/comments?post=4349"}],"version-history":[{"count":39,"href":"https:\/\/www.kbenhamouda.com\/en\/wp-json\/wp\/v2\/pages\/4349\/revisions"}],"predecessor-version":[{"id":6322,"href":"https:\/\/www.kbenhamouda.com\/en\/wp-json\/wp\/v2\/pages\/4349\/revisions\/6322"}],"wp:attachment":[{"href":"https:\/\/www.kbenhamouda.com\/en\/wp-json\/wp\/v2\/media?parent=4349"}],"curies":[{"name":"wp","href":"https:\/\/api.w.org\/{rel}","templated":true}]}}